{"id":2361,"date":"2026-04-21T17:59:48","date_gmt":"2026-04-21T15:59:48","guid":{"rendered":"https:\/\/tourist-app.de\/kuelsheim\/?page_id=2361"},"modified":"2026-04-21T18:25:07","modified_gmt":"2026-04-21T16:25:07","slug":"aktualisierung-melden","status":"publish","type":"page","link":"https:\/\/tourist-app.de\/kuelsheim\/aktualisierung-melden\/","title":{"rendered":"Aktualisierung melden"},"content":{"rendered":"<div class=\"wpb-content-wrapper\"><p>[vc_row margin_top=&#8220;0px&#8220; margin_bottom=&#8220;0px&#8220; css=&#8220;.vc_custom_1591216084615{margin-bottom: 20px !important;}&#8220;][vc_column][vc_column_text css=&#8220;&#8220;]Du hast veraltete Angaben in der Tourist-App gefunden, z.B. ge\u00e4nderte \u00d6ffnungszeiten?<br \/>\nSuper, dann sende gerne die aktuelle Information per Formular.<\/p>\n<p>Als Inhaber eines Eintrages k\u00f6nnen Sie auch jederzeit \u00c4nderungen auf diesem Weg mitteilen.<br \/>\nAktualisierungen sind jederzeit m\u00f6glich und kostenlos.<\/p>\n<div style=\"padding: 40px 0;\">\n<div class=\"wpcf7 no-js\" id=\"wpcf7-f5-o1\" lang=\"de-DE\" dir=\"ltr\">\n<div class=\"screen-reader-response\"><p role=\"status\" aria-live=\"polite\" aria-atomic=\"true\"><\/p> <ul><\/ul><\/div>\n<form action=\"\/kuelsheim\/wp-json\/wp\/v2\/pages\/2361#wpcf7-f5-o1\" method=\"post\" class=\"wpcf7-form init\" aria-label=\"Kontaktformular\" novalidate=\"novalidate\" data-status=\"init\">\n<div style=\"display: none;\">\n<input type=\"hidden\" name=\"_wpcf7\" value=\"5\" \/>\n<input type=\"hidden\" name=\"_wpcf7_version\" value=\"5.9.6\" \/>\n<input type=\"hidden\" name=\"_wpcf7_locale\" value=\"de_DE\" \/>\n<input type=\"hidden\" name=\"_wpcf7_unit_tag\" value=\"wpcf7-f5-o1\" \/>\n<input type=\"hidden\" name=\"_wpcf7_container_post\" value=\"0\" \/>\n<input type=\"hidden\" name=\"_wpcf7_posted_data_hash\" value=\"\" \/>\n<\/div>\n<div style=\"max-width: 720px;\">\n\t<div style=\"width: 49%; padding: 0 1% 10px 0; min-width: 150px; float: left;\">\n\t\t<p><span class=\"wpcf7-form-control-wrap\" data-name=\"your-name\"><input size=\"40\" maxlength=\"80\" class=\"wpcf7-form-control wpcf7-text wpcf7-validates-as-required\" aria-required=\"true\" aria-invalid=\"false\" placeholder=\"Name*\" value=\"\" type=\"text\" name=\"your-name\" \/><\/span>\n\t\t<\/p>\n\t<\/div>\n\t<div style=\"width: 49%; padding: 0 0 10px 1%; min-width: 150px; float: right;\">\n\t\t<p><span class=\"wpcf7-form-control-wrap\" data-name=\"your-email\"><input size=\"40\" maxlength=\"80\" class=\"wpcf7-form-control wpcf7-email wpcf7-validates-as-required wpcf7-text wpcf7-validates-as-email\" aria-required=\"true\" aria-invalid=\"false\" placeholder=\"E-Mail*\" value=\"\" type=\"email\" name=\"your-email\" \/><\/span>\n\t\t<\/p>\n\t<\/div>\n\t<div style=\"width: 100%; padding: 0 0 20px 0; clear: both;\">\n\t\t<p><span class=\"wpcf7-form-control-wrap\" data-name=\"your-message\"><textarea cols=\"40\" rows=\"7\" maxlength=\"400\" class=\"wpcf7-form-control wpcf7-textarea\" aria-invalid=\"false\" placeholder=\"Aktualisierung...\" name=\"your-message\"><\/textarea><\/span>\n\t\t<\/p>\n\t<\/div>\n\t<div style=\"width: 100%; padding: 0 0 20px 0;\">\n\t\t<p><span class=\"wpcf7-form-control-wrap\" data-name=\"Datenschutzeinwilligung\"><span class=\"wpcf7-form-control wpcf7-acceptance\"><span class=\"wpcf7-list-item\"><label><input type=\"checkbox\" name=\"Datenschutzeinwilligung\" value=\"1\" aria-invalid=\"false\" \/><span class=\"wpcf7-list-item-label\">Mit den Datenschutzbestimmungen bin ich einverstanden.<\/span><\/label><\/span><\/span><\/span>\n\t\t<\/p>\n\t<\/div>\n\t<p><input class=\"wpcf7-form-control wpcf7-submit has-spinner\" type=\"submit\" value=\"Senden\" \/>\n\t<\/p>\n<\/div><input type=\"hidden\" id=\"ct_checkjs_cf7_c75b6f114c23a4d7ea11331e7c00e73c\" name=\"ct_checkjs_cf7\" value=\"0\" \/><script >setTimeout(function(){var ct_input_name = \"ct_checkjs_cf7_c75b6f114c23a4d7ea11331e7c00e73c\";if (document.getElementById(ct_input_name) !== null) {var ct_input_value = document.getElementById(ct_input_name).value;document.getElementById(ct_input_name).value = document.getElementById(ct_input_name).value.replace(ct_input_value, 'c59e140b0d244a612d7dcbaf02d6da34f388a6934f439cd4f07c6187f943e5eb');}}, 1000);<\/script><input\n                    class=\"apbct_special_field apbct_email_id__wp_contact_form_7\"\n                    name=\"apbct__email_id__wp_contact_form_7\"\n                    aria-label=\"apbct__label_id__wp_contact_form_7\"\n                    type=\"text\" size=\"30\" maxlength=\"200\" autocomplete=\"off\"\n                    value=\"\"\n                \/><div class=\"wpcf7-response-output\" aria-hidden=\"true\"><\/div>\n<\/form>\n<\/div>\n<\/div>\n<div style=\"max-width: 720px; height: 40px; border-top: 1px solid #ccc;\"><!-- Spacer --><\/div>\n<div style=\"max-width: 720px; margin: 0 0 20px 0;\">Hinweis zum Datenschutz: Ihre Daten werden nur f\u00fcr die Beantwortung Ihrer Mitteilung gespeichert. Eine Weitergabe der Daten an Dritte erfolgt nicht. Ausf\u00fchrliche Infos zum Datenschutz finden Sie in der <a href=\"https:\/\/tourist-app.de\/kuelsheim\/datenschutz\/\" target=\"_blank\" rel=\"noopener\">Datenschutzerkl\u00e4rung<\/a>.<\/div>\n<p>Die Tourist-Info App ist ein Service von <a href=\"https:\/\/dbha.de\" target=\"_blank\" rel=\"noopener nofollow\">dbha:designstudio, Heiko Attinger<\/a>[\/vc_column_text][\/vc_column][\/vc_row]<\/p>\n<\/div>","protected":false},"excerpt":{"rendered":"<p>[vc_row margin_top=&#8220;0px&#8220; margin_bottom=&#8220;0px&#8220; css=&#8220;.vc_custom_1591216084615{margin-bottom: 20px !important;}&#8220;][vc_column][vc_column_text css=&#8220;&#8220;]Du hast veraltete Angaben in der Tourist-App gefunden, z.B. ge\u00e4nderte \u00d6ffnungszeiten? Super, dann sende gerne die aktuelle Information per Formular. Als Inhaber eines Eintrages k\u00f6nnen Sie auch jederzeit \u00c4nderungen auf diesem Weg mitteilen. Aktualisierungen sind jederzeit m\u00f6glich und kostenlos. Hinweis zum Datenschutz: Ihre Daten werden nur f\u00fcr die Beantwortung&hellip;<\/p>\n","protected":false},"author":1,"featured_media":0,"parent":0,"menu_order":0,"comment_status":"closed","ping_status":"closed","template":"","meta":{"footnotes":""},"class_list":["post-2361","page","type-page","status-publish","hentry","description-off"],"yoast_head":"<!-- This site is optimized with the Yoast SEO plugin v27.4 - https:\/\/yoast.com\/product\/yoast-seo-wordpress\/ -->\n<title>Aktualisierung melden - Tourist App - K\u00fclsheim<\/title>\n<meta name=\"robots\" content=\"index, follow, max-snippet:-1, max-image-preview:large, max-video-preview:-1\" \/>\n<link rel=\"canonical\" href=\"https:\/\/tourist-app.de\/kuelsheim\/aktualisierung-melden\/\" \/>\n<meta property=\"og:locale\" content=\"de_DE\" \/>\n<meta property=\"og:type\" content=\"article\" \/>\n<meta property=\"og:title\" content=\"Aktualisierung melden - Tourist App - K\u00fclsheim\" \/>\n<meta property=\"og:description\" content=\"[vc_row margin_top=&#8220;0px&#8220; margin_bottom=&#8220;0px&#8220; css=&#8220;.vc_custom_1591216084615{margin-bottom: 20px !important;}&#8220;][vc_column][vc_column_text css=&#8220;&#8220;]Du hast veraltete Angaben in der Tourist-App gefunden, z.B. ge\u00e4nderte \u00d6ffnungszeiten? Super, dann sende gerne die aktuelle Information per Formular. Als Inhaber eines Eintrages k\u00f6nnen Sie auch jederzeit \u00c4nderungen auf diesem Weg mitteilen. Aktualisierungen sind jederzeit m\u00f6glich und kostenlos. Hinweis zum Datenschutz: Ihre Daten werden nur f\u00fcr die Beantwortung&hellip;\" \/>\n<meta property=\"og:url\" content=\"https:\/\/tourist-app.de\/kuelsheim\/aktualisierung-melden\/\" \/>\n<meta property=\"og:site_name\" content=\"Tourist App - K\u00fclsheim\" \/>\n<meta property=\"article:modified_time\" content=\"2026-04-21T16:25:07+00:00\" \/>\n<meta name=\"twitter:card\" content=\"summary_large_image\" \/>\n<meta name=\"twitter:label1\" content=\"Gesch\u00e4tzte Lesezeit\" \/>\n\t<meta name=\"twitter:data1\" content=\"1\u00a0Minute\" \/>\n<script type=\"application\/ld+json\" class=\"yoast-schema-graph\">{\"@context\":\"https:\\\/\\\/schema.org\",\"@graph\":[{\"@type\":\"WebPage\",\"@id\":\"https:\\\/\\\/tourist-app.de\\\/kuelsheim\\\/aktualisierung-melden\\\/\",\"url\":\"https:\\\/\\\/tourist-app.de\\\/kuelsheim\\\/aktualisierung-melden\\\/\",\"name\":\"Aktualisierung melden - Tourist App - K\u00fclsheim\",\"isPartOf\":{\"@id\":\"https:\\\/\\\/tourist-app.de\\\/kuelsheim\\\/#website\"},\"datePublished\":\"2026-04-21T15:59:48+00:00\",\"dateModified\":\"2026-04-21T16:25:07+00:00\",\"breadcrumb\":{\"@id\":\"https:\\\/\\\/tourist-app.de\\\/kuelsheim\\\/aktualisierung-melden\\\/#breadcrumb\"},\"inLanguage\":\"de\",\"potentialAction\":[{\"@type\":\"ReadAction\",\"target\":[\"https:\\\/\\\/tourist-app.de\\\/kuelsheim\\\/aktualisierung-melden\\\/\"]}]},{\"@type\":\"BreadcrumbList\",\"@id\":\"https:\\\/\\\/tourist-app.de\\\/kuelsheim\\\/aktualisierung-melden\\\/#breadcrumb\",\"itemListElement\":[{\"@type\":\"ListItem\",\"position\":1,\"name\":\"Startseite\",\"item\":\"https:\\\/\\\/tourist-app.de\\\/kuelsheim\\\/\"},{\"@type\":\"ListItem\",\"position\":2,\"name\":\"Aktualisierung melden\"}]},{\"@type\":\"WebSite\",\"@id\":\"https:\\\/\\\/tourist-app.de\\\/kuelsheim\\\/#website\",\"url\":\"https:\\\/\\\/tourist-app.de\\\/kuelsheim\\\/\",\"name\":\"Tourist App - K\u00fclsheim\",\"description\":\"Alle Infos auf einen Klick: \u00dcbernachten, Gastronomie, Aktivit\u00e4ten, Einkaufen, Sehenswertes, Rat &amp; Tat\",\"publisher\":{\"@id\":\"https:\\\/\\\/tourist-app.de\\\/kuelsheim\\\/#organization\"},\"potentialAction\":[{\"@type\":\"SearchAction\",\"target\":{\"@type\":\"EntryPoint\",\"urlTemplate\":\"https:\\\/\\\/tourist-app.de\\\/kuelsheim\\\/?s={search_term_string}\"},\"query-input\":{\"@type\":\"PropertyValueSpecification\",\"valueRequired\":true,\"valueName\":\"search_term_string\"}}],\"inLanguage\":\"de\"},{\"@type\":\"Organization\",\"@id\":\"https:\\\/\\\/tourist-app.de\\\/kuelsheim\\\/#organization\",\"name\":\"Tourist-Info App f\u00fcr K\u00fclsheim\",\"url\":\"https:\\\/\\\/tourist-app.de\\\/kuelsheim\\\/\",\"logo\":{\"@type\":\"ImageObject\",\"inLanguage\":\"de\",\"@id\":\"https:\\\/\\\/tourist-app.de\\\/kuelsheim\\\/#\\\/schema\\\/logo\\\/image\\\/\",\"url\":\"https:\\\/\\\/tourist-app.de\\\/kuelsheim\\\/wp-content\\\/uploads\\\/sites\\\/6\\\/2019\\\/04\\\/tourist-info-app-icon-512.png\",\"contentUrl\":\"https:\\\/\\\/tourist-app.de\\\/kuelsheim\\\/wp-content\\\/uploads\\\/sites\\\/6\\\/2019\\\/04\\\/tourist-info-app-icon-512.png\",\"width\":512,\"height\":512,\"caption\":\"Tourist-Info App f\u00fcr K\u00fclsheim\"},\"image\":{\"@id\":\"https:\\\/\\\/tourist-app.de\\\/kuelsheim\\\/#\\\/schema\\\/logo\\\/image\\\/\"}}]}<\/script>\n<!-- \/ Yoast SEO plugin. -->","yoast_head_json":{"title":"Aktualisierung melden - Tourist App - K\u00fclsheim","robots":{"index":"index","follow":"follow","max-snippet":"max-snippet:-1","max-image-preview":"max-image-preview:large","max-video-preview":"max-video-preview:-1"},"canonical":"https:\/\/tourist-app.de\/kuelsheim\/aktualisierung-melden\/","og_locale":"de_DE","og_type":"article","og_title":"Aktualisierung melden - Tourist App - K\u00fclsheim","og_description":"[vc_row margin_top=&#8220;0px&#8220; margin_bottom=&#8220;0px&#8220; css=&#8220;.vc_custom_1591216084615{margin-bottom: 20px !important;}&#8220;][vc_column][vc_column_text css=&#8220;&#8220;]Du hast veraltete Angaben in der Tourist-App gefunden, z.B. ge\u00e4nderte \u00d6ffnungszeiten? Super, dann sende gerne die aktuelle Information per Formular. Als Inhaber eines Eintrages k\u00f6nnen Sie auch jederzeit \u00c4nderungen auf diesem Weg mitteilen. Aktualisierungen sind jederzeit m\u00f6glich und kostenlos. Hinweis zum Datenschutz: Ihre Daten werden nur f\u00fcr die Beantwortung&hellip;","og_url":"https:\/\/tourist-app.de\/kuelsheim\/aktualisierung-melden\/","og_site_name":"Tourist App - K\u00fclsheim","article_modified_time":"2026-04-21T16:25:07+00:00","twitter_card":"summary_large_image","twitter_misc":{"Gesch\u00e4tzte Lesezeit":"1\u00a0Minute"},"schema":{"@context":"https:\/\/schema.org","@graph":[{"@type":"WebPage","@id":"https:\/\/tourist-app.de\/kuelsheim\/aktualisierung-melden\/","url":"https:\/\/tourist-app.de\/kuelsheim\/aktualisierung-melden\/","name":"Aktualisierung melden - Tourist App - K\u00fclsheim","isPartOf":{"@id":"https:\/\/tourist-app.de\/kuelsheim\/#website"},"datePublished":"2026-04-21T15:59:48+00:00","dateModified":"2026-04-21T16:25:07+00:00","breadcrumb":{"@id":"https:\/\/tourist-app.de\/kuelsheim\/aktualisierung-melden\/#breadcrumb"},"inLanguage":"de","potentialAction":[{"@type":"ReadAction","target":["https:\/\/tourist-app.de\/kuelsheim\/aktualisierung-melden\/"]}]},{"@type":"BreadcrumbList","@id":"https:\/\/tourist-app.de\/kuelsheim\/aktualisierung-melden\/#breadcrumb","itemListElement":[{"@type":"ListItem","position":1,"name":"Startseite","item":"https:\/\/tourist-app.de\/kuelsheim\/"},{"@type":"ListItem","position":2,"name":"Aktualisierung melden"}]},{"@type":"WebSite","@id":"https:\/\/tourist-app.de\/kuelsheim\/#website","url":"https:\/\/tourist-app.de\/kuelsheim\/","name":"Tourist App - K\u00fclsheim","description":"Alle Infos auf einen Klick: \u00dcbernachten, Gastronomie, Aktivit\u00e4ten, Einkaufen, Sehenswertes, Rat &amp; Tat","publisher":{"@id":"https:\/\/tourist-app.de\/kuelsheim\/#organization"},"potentialAction":[{"@type":"SearchAction","target":{"@type":"EntryPoint","urlTemplate":"https:\/\/tourist-app.de\/kuelsheim\/?s={search_term_string}"},"query-input":{"@type":"PropertyValueSpecification","valueRequired":true,"valueName":"search_term_string"}}],"inLanguage":"de"},{"@type":"Organization","@id":"https:\/\/tourist-app.de\/kuelsheim\/#organization","name":"Tourist-Info App f\u00fcr K\u00fclsheim","url":"https:\/\/tourist-app.de\/kuelsheim\/","logo":{"@type":"ImageObject","inLanguage":"de","@id":"https:\/\/tourist-app.de\/kuelsheim\/#\/schema\/logo\/image\/","url":"https:\/\/tourist-app.de\/kuelsheim\/wp-content\/uploads\/sites\/6\/2019\/04\/tourist-info-app-icon-512.png","contentUrl":"https:\/\/tourist-app.de\/kuelsheim\/wp-content\/uploads\/sites\/6\/2019\/04\/tourist-info-app-icon-512.png","width":512,"height":512,"caption":"Tourist-Info App f\u00fcr K\u00fclsheim"},"image":{"@id":"https:\/\/tourist-app.de\/kuelsheim\/#\/schema\/logo\/image\/"}}]}},"_links":{"self":[{"href":"https:\/\/tourist-app.de\/kuelsheim\/wp-json\/wp\/v2\/pages\/2361","targetHints":{"allow":["GET"]}}],"collection":[{"href":"https:\/\/tourist-app.de\/kuelsheim\/wp-json\/wp\/v2\/pages"}],"about":[{"href":"https:\/\/tourist-app.de\/kuelsheim\/wp-json\/wp\/v2\/types\/page"}],"author":[{"embeddable":true,"href":"https:\/\/tourist-app.de\/kuelsheim\/wp-json\/wp\/v2\/users\/1"}],"replies":[{"embeddable":true,"href":"https:\/\/tourist-app.de\/kuelsheim\/wp-json\/wp\/v2\/comments?post=2361"}],"version-history":[{"count":11,"href":"https:\/\/tourist-app.de\/kuelsheim\/wp-json\/wp\/v2\/pages\/2361\/revisions"}],"predecessor-version":[{"id":2374,"href":"https:\/\/tourist-app.de\/kuelsheim\/wp-json\/wp\/v2\/pages\/2361\/revisions\/2374"}],"wp:attachment":[{"href":"https:\/\/tourist-app.de\/kuelsheim\/wp-json\/wp\/v2\/media?parent=2361"}],"curies":[{"name":"wp","href":"https:\/\/api.w.org\/{rel}","templated":true}]}}